{"id":74,"date":"2013-11-15T10:56:06","date_gmt":"2013-11-15T10:56:06","guid":{"rendered":"http:\/\/lenaupraxis.de\/?page_id=74"},"modified":"2017-12-19T18:55:35","modified_gmt":"2017-12-19T18:55:35","slug":"mehr-zur-homoeopathie","status":"publish","type":"page","link":"https:\/\/www.lenaupraxis.de\/en\/mehr-zur-homoeopathie\/","title":{"rendered":"mehr zur Hom\u00f6opathie"},"content":{"rendered":"<article>\n<h4>Hahnemann und die 3 S\u00e4ulen der Hom\u00f6opathie<\/h4>\n<section>\n<h5>1. \u00c4hnlichkeitsprinzip<\/h5>\n<p>Die Hom\u00f6opathie wurde von dem deutschen Arzt Dr. Samuel Hahnemann (1755-1843) begr\u00fcndet. Er fand unter anderem in seinem ber\u00fchmten Chinarinden-Versuch heraus, dass die als Heilmittel bei Malaria empfohlene Chinarinde selbst malaria\u00e4hnliche Symptome erzeugen kann. Durch viele weitere Selbstversuche folgerte Hahnemann schlie\u00dflich, dass es die durch die Chinarinde hervorgerufenen der Malaria \u00e4hnlichen Symptome sein mussten, die die Selbstheilungskr\u00e4fte des Kranken stimulierten und so einen Heilungsprozess in Gang setzten. So entdeckte er ein zentrales Prinzip seines neuartigen Heilverfahrens, die \u00c4hnlichkeitsregel &#8222;<strong>SIMILIA SIMILIBUS CURENTUR<\/strong>&#8220; (\u00c4hnliches m\u00f6ge durch \u00c4hnliches geheilt werden). Sp\u00e4ter nannte er seine Art der Behandlung Hom\u00f6opathie (griechisch: Homoeos = \u00e4hnlich und Pathos = Leiden). Ansatzweise fand das \u00c4hnlichkeitsprinzip \u00fcbrigens auch schon bei griechischen \u00c4rzten (Hippokrates), im Mittelalter (Paracelsus) und in der traditionellen Medizin Anwendung (z.B. galt Quecksilber als ein bew\u00e4hrtes Heilmittel bei Syphilis, gleichzeitig ruft eine Quecksilbervergiftung bei gesunden Menschen syphilis\u00e4hnliche Symptome hervor).<\/p>\n<\/section>\n<section>\n<h5>2. Arzneimittelpr\u00fcfung<\/h5>\n<p>In <strong>Arzneimittelpr\u00fcfungen<\/strong> pr\u00fcfte Hahnemann mit Kollegen (seine Familienmitglieder verschonte er auch nicht!) unz\u00e4hlige Arzneimittel selber und notierte akribisch die Symptome, die diese beim Gesunden hervorriefen. Im Laufe der letzten 200 Jahren wurde die hom\u00f6opathische Materia Medica, eine Art Symptomensammlung, durch immer mehr Pr\u00fcfungen und klinische Erfahrungen erweitert und verifiziert. Heute gibt es mehr als 2000 im hom\u00f6opathischen Sinn gepr\u00fcfte hom\u00f6opathische Arzneimittel.<\/p>\n<\/section>\n<section>\n<h5>3. Potenzierung<\/h5>\n<p>Die Arzneimittel, die Samuel Hahnemann anfangs \u2013 wie seine Kollegen auch \u2013 unverd\u00fcnnt verordnete, riefen starke Verschlimmerungen hervor und waren von zahlreichen Nebenwirkungen begleitet. Verd\u00fcnnte er aber die Mittel soweit, dass sie unsch\u00e4dlich waren, zeigten sie auch keine Wirkung mehr. Ein Dilemma, das Hahnemann mit seiner genialen Idee der Potenzierung l\u00f6ste \u2013 das 3. wichtige Prinzip der Hom\u00f6opathie: Er versch\u00fcttelte nun die schrittweise verd\u00fcnnten Mittel kr\u00e4ftig und f\u00fchrte ihnen so Energie zu. Die Wirkung der so potenzierten hom\u00f6opathischen Arzneimittel spielt sich auf energetischer Ebene ab, sie k\u00f6nnen der Lebenskraft (&#8222;Dynamis&#8220;) den notwendigen Impuls geben, wieder ins Gleichgewicht zu kommen. Damit kann der Organismus auf seine Selbstregulationskr\u00e4fte zur\u00fcckgreifen und Krankheiten von innen heraus \u00fcberwinden.<\/p>\n<\/section>\n<section><em>Die \u00c4hnlichkeitsregel, die Pr\u00fcfung der Arzneimittel am Gesunden und die Potenzierung sind bis heute die drei wesentlichen S\u00e4ulen der Hom\u00f6opathie.<\/em><\/section>\n<section><\/section>\n<section>*****************<br \/>\nGesetzlich bin ich zu folgendem Hinweis verpflichtet: <em>Bei der hier vorgestellten Behandlungsmethode handelt es sich um ein Therapieverfahren der naturheilkundlichen Erfahrungsmedizin, das nicht zu den allgemein anerkannten Methoden im Sinne einer Anerkennung durch die konventionelle Medizin gehort. Alle getroffenen Aussagen \u00fcber Eigenschaften und Wirkungen sowie Indikationen des vorgestellten Therapieverfahrens beruhen auf den Erkenntnissen und Erfahrungswerten in der Therapierichtung selbst, die von der konventionellen Medizin bislang nicht geteilt werden.<\/em> Es liegen allerdings hochinteressante Studien und Forschungsprojekte zur Hom\u00f6opathie vor, welche die Wirksamkeit der Hom\u00f6opathie positiv bewerten und nicht auf Scheineffekte (Placebo-Wirkungen) reduzieren.<\/section>\n<\/article>","protected":false},"excerpt":{"rendered":"<p>Hahnemann und die 3 S\u00e4ulen der Hom\u00f6opathie 1. \u00c4hnlichkeitsprinzip Die Hom\u00f6opathie wurde von dem deutschen Arzt Dr. Samuel Hahnemann (1755-1843) begr\u00fcndet. Er fand unter anderem in seinem ber\u00fchmten Chinarinden-Versuch heraus,&hellip; <a class=\"excerpt-more-link\" href=\"https:\/\/www.lenaupraxis.de\/en\/mehr-zur-homoeopathie\/\">Read More<\/a><\/p>","protected":false},"author":1,"featured_media":0,"parent":0,"menu_order":50,"comment_status":"closed","ping_status":"closed","template":"","meta":{"footnotes":""},"class_list":["post-74","page","type-page","status-publish","hentry"],"_links":{"self":[{"href":"https:\/\/www.lenaupraxis.de\/en\/wp-json\/wp\/v2\/pages\/74"}],"collection":[{"href":"https:\/\/www.lenaupraxis.de\/en\/wp-json\/wp\/v2\/pages"}],"about":[{"href":"https:\/\/www.lenaupraxis.de\/en\/wp-json\/wp\/v2\/types\/page"}],"author":[{"embeddable":true,"href":"https:\/\/www.lenaupraxis.de\/en\/wp-json\/wp\/v2\/users\/1"}],"replies":[{"embeddable":true,"href":"https:\/\/www.lenaupraxis.de\/en\/wp-json\/wp\/v2\/comments?post=74"}],"version-history":[{"count":6,"href":"https:\/\/www.lenaupraxis.de\/en\/wp-json\/wp\/v2\/pages\/74\/revisions"}],"predecessor-version":[{"id":645,"href":"https:\/\/www.lenaupraxis.de\/en\/wp-json\/wp\/v2\/pages\/74\/revisions\/645"}],"wp:attachment":[{"href":"https:\/\/www.lenaupraxis.de\/en\/wp-json\/wp\/v2\/media?parent=74"}],"curies":[{"name":"wp","href":"https:\/\/api.w.org\/{rel}","templated":true}]}}