{"id":71,"date":"2013-11-13T09:25:11","date_gmt":"2013-11-13T09:25:11","guid":{"rendered":"http:\/\/lenaupraxis.de\/?page_id=71"},"modified":"2019-06-03T20:41:05","modified_gmt":"2019-06-03T20:41:05","slug":"die-homoeopathische-behandlung","status":"publish","type":"page","link":"https:\/\/www.lenaupraxis.de\/en\/die-homoeopathische-behandlung\/","title":{"rendered":"hom\u00f6opathische Behandlung"},"content":{"rendered":"<p>Neben akuten Krankheiten sind vor allem chronisch oder chronisch wiederkehrende Krankheitszust\u00e4nde einer klassisch hom\u00f6opathischen Behandlung gut zug\u00e4nglich. Das passiert im Rahmen einer sogenannten &#8222;<strong>konstitutionellen Behandlung<\/strong>&#8222;. Das Ziel hierbei ist es, den Organismus wieder in die Lage zu versetzen, sich selbst zu heilen. (Auch die schulmedizinische Forschung hat in den letzten Jahren \u00fcbrigens dargelegt, dass der menschliche Organismus viel gr\u00f6\u00dfere F\u00e4higkeiten zur Selbstheilung besitzt als lange angenommen.) Da ich klassisch hom\u00f6opathisch arbeite, werden nur Einzelmittel nach einer ausf\u00fchrlichen Anamnese eingesetzt. Das erlaubt mir eine  individuelle Arzneimittelwahl.<\/p>\n<p style=\"text-align: center;\"><a href=\"https:\/\/www.lenaupraxis.de\/wp-content\/uploads\/2014\/10\/142510_0807.jpg\"><img loading=\"lazy\" decoding=\"async\" class=\"aligncenter size-full wp-image-363\" alt=\"142510_0807\" src=\"https:\/\/www.lenaupraxis.de\/wp-content\/uploads\/2014\/10\/142510_0807.jpg\" width=\"709\" height=\"473\" srcset=\"https:\/\/www.lenaupraxis.de\/wp-content\/uploads\/2014\/10\/142510_0807.jpg 709w, https:\/\/www.lenaupraxis.de\/wp-content\/uploads\/2014\/10\/142510_0807-300x200.jpg 300w\" sizes=\"(max-width: 709px) 100vw, 709px\" \/><\/a><\/p>\n<p>Eine <strong>sorgf\u00e4ltige Erstanamnese<\/strong> ist die Voraussetzung f\u00fcr eine erfolgreiche Behandlung. Bitte rechnen Sie mit ungef\u00e4hr 2-3 Stunden. Im Rahmen der Anamnese werden nicht nur die Symptome mit ihren genauen Modalit\u00e4ten (wann ist es besser, was verschlechtert?) sondern auch emotionale und k\u00f6rperliche Eigenheiten, allgemeine Lebensumst\u00e4nde, die Vorgeschichte und sogar die Familiengeschichte erfragt. Denn oft geben zum Beispiel Erkrankungen, die in einer Familie geh\u00e4uft vorkommen, wertvolle Hinweise f\u00fcr die entsprechenden hom\u00f6opathischen Mittel.<\/p>\n<p>Nach gr\u00fcndlicher Auswertung der Erstanamnese wird das entsprechende hom\u00f6opathische Arzneimittel verschrieben. Damit es wirklich hom\u00f6opathisch wirken kann, muss es genau zum Zustand des Patienten oder der Patientin passen. So kann es sein, dass zehn Patienten mit Husten zehn unterschiedliche Mittel bekommen. Deshalb gibt es in der klassischen Hom\u00f6opathie auch kein &#8222;Hustenmittel&#8220;.<\/p>\n<p class=\"translation-block\">About 6 weeks after taking the remedy \u2013 in chronic cases \u2013 we will look at the progress. This follow-up consultation is very important as it allows to assess the effects of the individual remedy, thus deciding how to proceed. Since the questions will be very focused and the overall picture has already been established, the follow-up consultations take about an hour.<\/p>\n<p>Further consultations depend on the progress and \/ or acutely occurring disease. Usually, these will be only few in the course of a year.<\/p>\n<p>*****************<br \/>\nGesetzlich bin ich zu folgendem Hinweis verpflichtet: <em>Bei der hier vorgestellten Behandlungsmethode handelt es sich um ein Therapieverfahren der naturheilkundlichen Erfahrungsmedizin, das nicht zu den allgemein anerkannten Methoden im Sinne einer Anerkennung durch die konventionelle Medizin gehort. Alle getroffenen Aussagen \u00fcber Eigenschaften und Wirkungen sowie Indikationen des vorgestellten Therapieverfahrens beruhen auf den Erkenntnissen und Erfahrungswerten in der Therapierichtung selbst, die von der konventionellen Medizin bislang nicht geteilt werden.<\/em> Es liegen allerdings hochinteressante Studien und Forschungsprojekte zur Hom\u00f6opathie vor, welche die Wirksamkeit der Hom\u00f6opathie positiv bewerten und nicht auf Scheineffekte (Placebo-Wirkungen) reduzieren.<\/p>","protected":false},"excerpt":{"rendered":"<p>Neben akuten Krankheiten sind vor allem chronisch oder chronisch wiederkehrende Krankheitszust\u00e4nde einer klassisch hom\u00f6opathischen Behandlung gut zug\u00e4nglich. Das passiert im Rahmen einer sogenannten &#8222;konstitutionellen Behandlung&#8222;. Das Ziel hierbei ist es,&hellip; <a class=\"excerpt-more-link\" href=\"https:\/\/www.lenaupraxis.de\/en\/die-homoeopathische-behandlung\/\">Read More<\/a><\/p>","protected":false},"author":1,"featured_media":0,"parent":0,"menu_order":10,"comment_status":"closed","ping_status":"closed","template":"","meta":{"footnotes":""},"class_list":["post-71","page","type-page","status-publish","hentry"],"_links":{"self":[{"href":"https:\/\/www.lenaupraxis.de\/en\/wp-json\/wp\/v2\/pages\/71"}],"collection":[{"href":"https:\/\/www.lenaupraxis.de\/en\/wp-json\/wp\/v2\/pages"}],"about":[{"href":"https:\/\/www.lenaupraxis.de\/en\/wp-json\/wp\/v2\/types\/page"}],"author":[{"embeddable":true,"href":"https:\/\/www.lenaupraxis.de\/en\/wp-json\/wp\/v2\/users\/1"}],"replies":[{"embeddable":true,"href":"https:\/\/www.lenaupraxis.de\/en\/wp-json\/wp\/v2\/comments?post=71"}],"version-history":[{"count":11,"href":"https:\/\/www.lenaupraxis.de\/en\/wp-json\/wp\/v2\/pages\/71\/revisions"}],"predecessor-version":[{"id":667,"href":"https:\/\/www.lenaupraxis.de\/en\/wp-json\/wp\/v2\/pages\/71\/revisions\/667"}],"wp:attachment":[{"href":"https:\/\/www.lenaupraxis.de\/en\/wp-json\/wp\/v2\/media?parent=71"}],"curies":[{"name":"wp","href":"https:\/\/api.w.org\/{rel}","templated":true}]}}