{"id":441,"date":"2016-04-30T07:44:58","date_gmt":"2016-04-30T07:44:58","guid":{"rendered":"http:\/\/www.lenaupraxis.de\/?page_id=441"},"modified":"2020-03-26T22:00:56","modified_gmt":"2020-03-26T22:00:56","slug":"lomi-lomi","status":"publish","type":"page","link":"https:\/\/www.lenaupraxis.de\/en\/lomi-lomi\/","title":{"rendered":"LOMI LOMI NUI"},"content":{"rendered":"<p>The rhythmical Lomi Lomi Nui Massage is a central part of traditional Hawaiian healing art. Stroking, flowing movements using warm oil connect all regions of the body and allow you to feel deeply relaxed within yourself.<\/p>\n<p style=\"text-align: center;\"><a href=\"https:\/\/www.lenaupraxis.de\/wp-content\/uploads\/2016\/04\/005.jpg\"><img loading=\"lazy\" decoding=\"async\" class=\"aligncenter  wp-image-440\" src=\"https:\/\/www.lenaupraxis.de\/wp-content\/uploads\/2016\/04\/005.jpg\" alt=\"005\" width=\"496\" height=\"495\" srcset=\"https:\/\/www.lenaupraxis.de\/wp-content\/uploads\/2016\/04\/005.jpg 709w, https:\/\/www.lenaupraxis.de\/wp-content\/uploads\/2016\/04\/005-150x150.jpg 150w, https:\/\/www.lenaupraxis.de\/wp-content\/uploads\/2016\/04\/005-300x300.jpg 300w\" sizes=\"(max-width: 496px) 100vw, 496px\" \/><\/a><\/p>\n<p>Stronger strokes as well as the use of elbows and lower arms reach deeper tissue. Blockage can be released in a gentle way and energies can move freely again. Lomi Lomi Nui is harmonising and balancing not only on a physical but also on emotional and spiritual planes.<\/p>\n<p>Lomi Lomi ist zwar eine unvergleichliche Entspannungsmassage f\u00fcr k\u00f6rperliches und seelisches Wohlbefinden, aber kann noch viel mehr sein: Die hawaiianische Heilmassage eignet sich zum Beispiel besonders gut bei allen Arten von \u00dcberg\u00e4ngen, denn Lomi Lomi kann dabei helfen, Altes loszulassen und Neuem Platz zu machen. Besonders sch\u00f6n ist eine Lomi Lomi Massage in der <a title=\"Lomi Lomi in der Schwangerschaft\" href=\"https:\/\/www.lenaupraxis.de\/en\/lomi-lomi\/lomi-lomi-in-der-schwangerschaft\/\" target=\"_blank\" rel=\"noopener noreferrer\">Schwangerschaft<\/a>!<\/p>\n<p class=\"translation-block\">If you want to make this a gift to someone, please contact me for vouchers.<\/p>\n<p><a title=\"Fees\" href=\"https:\/\/www.lenaupraxis.de\/en\/sample-page\/honorar\/#lomi\" target=\"_blank\" rel=\"noopener noreferrer\">Fees<\/a><\/p>\n\n\n<h2 class=\"wp-block-heading\">Lomi Lomi in der Schwangerschaft<\/h2>\n\n\n\n<p><strong>Ein Geschenk an dich und dein Kind!<\/strong><\/p>\n\n\n\n<p>Die sanfte hawaiianische Heilmassage Lomi Lomi eignet sich wunderbar \nf\u00fcr die besondere Zeit der Schwangerschaft. Viele Massagen sind nicht \nf\u00fcr Schwangere zu empfehlen, aber die harmonisierenden Streichungen und \ndas sinnliche warme \u00d6l h\u00fcllen Mutter und Kind sch\u00fctzend ein. Spannungen \nund energetische Blockaden l\u00f6sen sich, der Lymphflusswird angeregt und \u2013\n wie eine Lomi Lomi begeisterte Freundin einmal sagte \u2013 \u201cjede Zelle \nf\u00fchlt sich lebendig an\u201d.<\/p>\n\n\n\n<p>Durch besondere Lagerungshilfen entspannt die Massage auch in fortgeschrittenen Schwangerschaftsstadien.<\/p>","protected":false},"excerpt":{"rendered":"<p>Die rhythmische, tief wirkende Lomi Lomi Massage ist ein zentraler Bestandteil der traditionellen hawaiianischen Heilkunst. Streichende, flie\u00dfende Ber\u00fchrungen mit warmem \u00d6l verbinden alle K\u00f6rperregionen und vermitteln das Gef\u00fchl von entspannter&hellip; <a class=\"excerpt-more-link\" href=\"https:\/\/www.lenaupraxis.de\/en\/lomi-lomi\/\">Read More<\/a><\/p>","protected":false},"author":1,"featured_media":0,"parent":0,"menu_order":4,"comment_status":"closed","ping_status":"closed","template":"","meta":{"footnotes":""},"class_list":["post-441","page","type-page","status-publish","hentry"],"_links":{"self":[{"href":"https:\/\/www.lenaupraxis.de\/en\/wp-json\/wp\/v2\/pages\/441"}],"collection":[{"href":"https:\/\/www.lenaupraxis.de\/en\/wp-json\/wp\/v2\/pages"}],"about":[{"href":"https:\/\/www.lenaupraxis.de\/en\/wp-json\/wp\/v2\/types\/page"}],"author":[{"embeddable":true,"href":"https:\/\/www.lenaupraxis.de\/en\/wp-json\/wp\/v2\/users\/1"}],"replies":[{"embeddable":true,"href":"https:\/\/www.lenaupraxis.de\/en\/wp-json\/wp\/v2\/comments?post=441"}],"version-history":[{"count":18,"href":"https:\/\/www.lenaupraxis.de\/en\/wp-json\/wp\/v2\/pages\/441\/revisions"}],"predecessor-version":[{"id":944,"href":"https:\/\/www.lenaupraxis.de\/en\/wp-json\/wp\/v2\/pages\/441\/revisions\/944"}],"wp:attachment":[{"href":"https:\/\/www.lenaupraxis.de\/en\/wp-json\/wp\/v2\/media?parent=441"}],"curies":[{"name":"wp","href":"https:\/\/api.w.org\/{rel}","templated":true}]}}