{"id":393,"date":"2016-03-26T19:48:02","date_gmt":"2016-03-26T19:48:02","guid":{"rendered":"http:\/\/www.lenaupraxis.de\/?page_id=393"},"modified":"2020-05-26T12:52:23","modified_gmt":"2020-05-26T12:52:23","slug":"dorn-breuss-therapie","status":"publish","type":"page","link":"https:\/\/www.lenaupraxis.de\/en\/dorn-breuss-therapie\/","title":{"rendered":"Dorn-Breuss"},"content":{"rendered":"<p>Back pains have become unfortunately for many people a regular companion. Often these pains are rooted in slight malpositioning of the vertebrae and\/or small joints in the back. These put a stress on ligaments and muscles and painful tensions and blockage can build up.<\/p>\n<p class=\"translation-block\">The <strong>Dorn-Therapy<\/strong> adresses the causes of backpain in a gentle and cooperative way. Focused manual techniques help to realign the vertebral column, thus allowing a better circulation in tense muscles and relieving pain.<\/p>\n<p class=\"translation-block\">The Dorn-Therapy is usually followed by a <strong>Breuss-Massage<\/strong> of about 20 \u2013 30 minutes. It aims at stretching the vertebral column and releasing the tension in muscles, thus contributing to the regeneration of malnourished vertebral disks.<\/p>","protected":false},"excerpt":{"rendered":"<p>R\u00fcckenschmerzen geh\u00f6ren leider f\u00fcr die meisten von uns inzwischen zum Alltag. Oft sind diese Schmerzen auf Fehlstellungen der Wirbel und Gelenke zur\u00fcckzuf\u00fchren. Diese belasten den Bandapparat und die Muskeln, es&hellip; <a class=\"excerpt-more-link\" href=\"https:\/\/www.lenaupraxis.de\/en\/dorn-breuss-therapie\/\">Read More<\/a><\/p>","protected":false},"author":1,"featured_media":0,"parent":0,"menu_order":5,"comment_status":"closed","ping_status":"closed","template":"","meta":{"footnotes":""},"class_list":["post-393","page","type-page","status-publish","hentry"],"_links":{"self":[{"href":"https:\/\/www.lenaupraxis.de\/en\/wp-json\/wp\/v2\/pages\/393"}],"collection":[{"href":"https:\/\/www.lenaupraxis.de\/en\/wp-json\/wp\/v2\/pages"}],"about":[{"href":"https:\/\/www.lenaupraxis.de\/en\/wp-json\/wp\/v2\/types\/page"}],"author":[{"embeddable":true,"href":"https:\/\/www.lenaupraxis.de\/en\/wp-json\/wp\/v2\/users\/1"}],"replies":[{"embeddable":true,"href":"https:\/\/www.lenaupraxis.de\/en\/wp-json\/wp\/v2\/comments?post=393"}],"version-history":[{"count":8,"href":"https:\/\/www.lenaupraxis.de\/en\/wp-json\/wp\/v2\/pages\/393\/revisions"}],"predecessor-version":[{"id":1474,"href":"https:\/\/www.lenaupraxis.de\/en\/wp-json\/wp\/v2\/pages\/393\/revisions\/1474"}],"wp:attachment":[{"href":"https:\/\/www.lenaupraxis.de\/en\/wp-json\/wp\/v2\/media?parent=393"}],"curies":[{"name":"wp","href":"https:\/\/api.w.org\/{rel}","templated":true}]}}