{"id":125,"date":"2013-12-06T16:58:16","date_gmt":"2013-12-06T16:58:16","guid":{"rendered":"http:\/\/lenaupraxis.de\/?page_id=125"},"modified":"2017-12-19T18:55:15","modified_gmt":"2017-12-19T18:55:15","slug":"homoeopathie-fuer-kinder","status":"publish","type":"page","link":"https:\/\/www.lenaupraxis.de\/en\/homoeopathie-fuer-kinder\/","title":{"rendered":"Homeopathy for children"},"content":{"rendered":"<p style=\"text-align: left;\"><em>Die meisten Eltern w\u00fcnschen sich eine nebenwirkungsarme und m\u00f6glichst ganzheitliche Therapie f\u00fcr ihre Kinder.<\/em><\/p>\n<p>Hom\u00f6opathische Arzneimittel k\u00f6nnen auf sanfte Weise die Selbstheilungskr\u00e4fte anregen, die f\u00fcr unsere Gesundheit die entscheidende Rolle spielen.\u00a0 <strong>Classical Homeopathy is a holistic and very individual therapy. Illness is not seen isolated but as an expression of a deeper dysbalance in the organisms self-regulating abilities.<\/strong> und bezieht immer den ganzen Menschen mit ein &#8211; das k\u00f6rperliche und seelische Befinden. Krankheiten werden nicht isoliert gesehen, sondern als Ausdruck einer tiefer liegenden St\u00f6rung in der Selbstregulation des Organismus. So ist es aus hom\u00f6opathischer Sicht auch nicht sinnvoll, nur die Symptome einer Erk\u00e4ltung &#8222;wegzumachen&#8220;, denn dann kommt sie gleich wieder. Es geht vielmehr darum, die Erk\u00e4ltungsneigung an sich zu behandeln.<\/p>\n<p>Kinder reagieren oft besonders gut auf eine hom\u00f6opathische Therapie, da ihre Selbstheilungskr\u00e4fte meist noch weniger durch verschiedene sch\u00e4dliche Einfl\u00fcsse beeintr\u00e4chtigt sind. Au\u00dferdem k\u00f6nnen durch eine fr\u00fchzeitige hom\u00f6opathische Begleitung (eine sogenannte <strong>konstitutionelle Therapie<\/strong>)\u00a0 eventuell vorhandene anlagebedingte &#8222;Schw\u00e4chen&#8220; fr\u00fch ausgeglichen werden (z.B. eine Tendenz mit wiederkehrender Bronchitis oder Mittelohrentz\u00fcndungen zu reagieren).<\/p>\n<p>Einer hom\u00f6opathischen Behandlung in der Regel gut zug\u00e4nglich sind beispielsweise:<br \/>\n&#8211; Allergien (Heuschnupfen, Nahrungsmittelunvertr\u00e4glichkeiten, Hausstaubmilben, etc.)<br \/>\n&#8211; &#8222;Schulkopfschmerzen&#8220;<br \/>\n&#8211; Neurodermitis (hier muss allerdings mit einer l\u00e4ngeren Behandlungszeit gerechnet werden)<br \/>\n&#8211; Infektanf\u00e4lligkeit, zum Beispiel immer wiederkehrende Mittelohrentz\u00fcndung, Bronchitis, Husten, usw.<br \/>\n&#8211; ADHS (oft begleitend zu anderen Therapieverfahren)<br \/>\n&#8211; Verdauungsprobleme bei S\u00e4uglingen und Kleinkindern<br \/>\n&#8211; und vieles mehr.<\/p>\n<p>Ich berate Sie gerne in einem Infogespr\u00e4ch<br \/>\n(Termine unter Tel. 817 97 410 oder <a href=\"mailto:info@lenaupraxis.de\" target=\"_blank\">info[at ]lenaupraxis.de<\/a>)<\/p>\n<p>*****************<br \/>\nGesetzlich bin ich zu folgendem Hinweis verpflichtet: <em>Bei der hier vorgestellten Behandlungsmethode handelt es sich um ein Therapieverfahren der naturheilkundlichen Erfahrungsmedizin, das nicht zu den allgemein anerkannten Methoden im Sinne einer Anerkennung durch die konventionelle Medizin gehort. Alle getroffenen Aussagen \u00fcber Eigenschaften und Wirkungen sowie Indikationen des vorgestellten Therapieverfahrens beruhen auf den Erkenntnissen und Erfahrungswerten in der Therapierichtung selbst, die von der konventionellen Medizin bislang nicht geteilt werden.<\/em> Es liegen allerdings hochinteressante Studien und Forschungsprojekte zur Hom\u00f6opathie vor, welche die Wirksamkeit der Hom\u00f6opathie positiv bewerten und nicht auf Scheineffekte (Placebo-Wirkungen) reduzieren.<\/p>","protected":false},"excerpt":{"rendered":"<p>Die meisten Eltern w\u00fcnschen sich eine nebenwirkungsarme und m\u00f6glichst ganzheitliche Therapie f\u00fcr ihre Kinder. Hom\u00f6opathische Arzneimittel k\u00f6nnen auf sanfte Weise die Selbstheilungskr\u00e4fte anregen, die f\u00fcr unsere Gesundheit die entscheidende Rolle&hellip; <a class=\"excerpt-more-link\" href=\"https:\/\/www.lenaupraxis.de\/en\/homoeopathie-fuer-kinder\/\">Read More<\/a><\/p>","protected":false},"author":1,"featured_media":0,"parent":0,"menu_order":30,"comment_status":"closed","ping_status":"closed","template":"","meta":{"footnotes":""},"class_list":["post-125","page","type-page","status-publish","hentry"],"_links":{"self":[{"href":"https:\/\/www.lenaupraxis.de\/en\/wp-json\/wp\/v2\/pages\/125"}],"collection":[{"href":"https:\/\/www.lenaupraxis.de\/en\/wp-json\/wp\/v2\/pages"}],"about":[{"href":"https:\/\/www.lenaupraxis.de\/en\/wp-json\/wp\/v2\/types\/page"}],"author":[{"embeddable":true,"href":"https:\/\/www.lenaupraxis.de\/en\/wp-json\/wp\/v2\/users\/1"}],"replies":[{"embeddable":true,"href":"https:\/\/www.lenaupraxis.de\/en\/wp-json\/wp\/v2\/comments?post=125"}],"version-history":[{"count":19,"href":"https:\/\/www.lenaupraxis.de\/en\/wp-json\/wp\/v2\/pages\/125\/revisions"}],"predecessor-version":[{"id":644,"href":"https:\/\/www.lenaupraxis.de\/en\/wp-json\/wp\/v2\/pages\/125\/revisions\/644"}],"wp:attachment":[{"href":"https:\/\/www.lenaupraxis.de\/en\/wp-json\/wp\/v2\/media?parent=125"}],"curies":[{"name":"wp","href":"https:\/\/api.w.org\/{rel}","templated":true}]}}