{"id":106,"date":"2013-11-16T18:04:27","date_gmt":"2013-11-16T18:04:27","guid":{"rendered":"http:\/\/lenaupraxis.de\/?page_id=106"},"modified":"2020-03-06T11:02:48","modified_gmt":"2020-03-06T11:02:48","slug":"honorar","status":"publish","type":"page","link":"https:\/\/www.lenaupraxis.de\/en\/honorar\/","title":{"rendered":"Fees"},"content":{"rendered":"<article><span style=\"color: #800000;\"><strong><span style=\"font-size: large;\">HOM\u00d6OPATHIE<\/span><\/strong><\/span><\/article>\n<article><br><\/p>\n<hr \/>\n<p class=\"translation-block\"><strong>short information<\/strong>: free of charge<\/p>\n<p><strong>First consultation<\/strong>:<br \/>\nErwachsene: 150 &#8211; 170 Euro, je nach zeitlichem Aufwand*<br \/>\nKinder: 100 &#8211; 120 Euro, je nach zeitlichem Aufwand*<\/p>\n<p><strong>follow up<\/strong>: ca. 55 &#8211; 65 Euro, je nach Aufwand*<br \/>\n<strong>telephone consultation<\/strong>: je nach Zeitaufwand 5 &#8211; 20 Euro<\/p>\n<p><strong><span style=\"color: #003300;\"><span style=\"font-size: large;\"><span style=\"color: #800000;\"><a name=\"cranio\"><\/a>CRANIOSAKRALE THERAPIE<\/span><br \/>\n<\/span><\/span><\/strong>60\u00a0 min: 70 \u20ac*<\/p>\n<\/article>\n<article><\/article>\n<article><span style=\"color: #003300;\"><strong><span style=\"font-size: large;\"><a name=\"lomi\"><\/a><span style=\"color: #800000;\">LOMI LOMI NUI<\/span><br \/>\n<\/span><\/strong><\/span><span style=\"color: #000000;\">Kurze Variante: ca. 70 min:\u00a0\u00a0\u00a0\u00a0\u00a0\u00a0\u00a0\u00a0 80 \u20ac<\/span><br \/>\nLange Variante: ca. 90 min:\u00a0\u00a0\u00a0\u00a0\u00a0\u00a0\u00a0 100 \u20ac<br \/>\nAuf Wunsch sind auch andere Varianten m\u00f6glich. Bitte sprechen Sie mich an.<\/article>\n<article><\/article>\n<article>Gerne stelle ich auch <a title=\"GUTSCHEINE\" href=\"http:\/\/www.lenaupraxis.de\/en\/gutscheine\/\" target=\"_blank\" rel=\"noopener noreferrer\">Geschenk-Gutscheine<\/a> f\u00fcr eine wohltuende Massage aus.<\/p>\n<hr \/>\n<p><span style=\"font-size: large;\"><strong><span style=\"color: #800000;\">DORN-BREUSS-THERAPIE<\/span><br \/>\n<\/strong><\/span>50 min &#8211; 60 min:\u00a0 50 &#8211; 60 \u20ac*<\/p>\n<p class=\"translation-block\"><strong>For all treatments<\/strong>: Please cancel appointments at least 24 h prior, otherwise I will have to charge a cancellation fee of 15 \u20ac (follow-ups, Dorn-Breuss, CranioSacral Therapy) or 25 \u20ac (first consultation, Lomi Lomi).<\/p>\n<p><em>*Die meisten privaten Versicherungen bzw. privaten Zusatzversicherungen (&#8222;Heilpraktiker-Behandlung&#8220;) \u00fcbernehmen den Gro\u00dfteil der Kosten. Bitte erkundigen Sie sich bei Ihrer Versicherung. Sie erhalten von mir eine Rechnung, die Sie ggf. bei Ihrer Versicherung zur Kosten\u00fcbernahme einreichen k\u00f6nnen.<\/em><\/p>\n<\/article>","protected":false},"excerpt":{"rendered":"<p>HOM\u00d6OPATHIE Nach der zeit- und arbeitsaufw\u00e4ndigen Erstanamnese halten sich die Kosten der hom\u00f6opathischen Behandlung in \u00fcberschaubaren Grenzen. kurzes Infogespr\u00e4ch: kostenlos Erstanamnese: Erwachsene: 150 &#8211; 170 Euro, je nach zeitlichem Aufwand*&hellip; <a class=\"excerpt-more-link\" href=\"https:\/\/www.lenaupraxis.de\/en\/honorar\/\">Read More<\/a><\/p>","protected":false},"author":1,"featured_media":0,"parent":0,"menu_order":40,"comment_status":"closed","ping_status":"closed","template":"","meta":{"footnotes":""},"class_list":["post-106","page","type-page","status-publish","hentry"],"_links":{"self":[{"href":"https:\/\/www.lenaupraxis.de\/en\/wp-json\/wp\/v2\/pages\/106"}],"collection":[{"href":"https:\/\/www.lenaupraxis.de\/en\/wp-json\/wp\/v2\/pages"}],"about":[{"href":"https:\/\/www.lenaupraxis.de\/en\/wp-json\/wp\/v2\/types\/page"}],"author":[{"embeddable":true,"href":"https:\/\/www.lenaupraxis.de\/en\/wp-json\/wp\/v2\/users\/1"}],"replies":[{"embeddable":true,"href":"https:\/\/www.lenaupraxis.de\/en\/wp-json\/wp\/v2\/comments?post=106"}],"version-history":[{"count":22,"href":"https:\/\/www.lenaupraxis.de\/en\/wp-json\/wp\/v2\/pages\/106\/revisions"}],"predecessor-version":[{"id":880,"href":"https:\/\/www.lenaupraxis.de\/en\/wp-json\/wp\/v2\/pages\/106\/revisions\/880"}],"wp:attachment":[{"href":"https:\/\/www.lenaupraxis.de\/en\/wp-json\/wp\/v2\/media?parent=106"}],"curies":[{"name":"wp","href":"https:\/\/api.w.org\/{rel}","templated":true}]}}