{"id":1034,"date":"2020-04-08T19:19:48","date_gmt":"2020-04-08T19:19:48","guid":{"rendered":"https:\/\/www.lenaupraxis.de\/?page_id=1034"},"modified":"2024-12-29T15:22:33","modified_gmt":"2024-12-29T15:22:33","slug":"lenaupraxis","status":"publish","type":"page","link":"https:\/\/www.lenaupraxis.de\/en\/","title":{"rendered":"LENAUPRAXIS"},"content":{"rendered":"<p><\/p>\n\n\n\n<figure class=\"wp-block-image alignwide size-large\"><a href=\"https:\/\/www.lenaupraxis.de\/en\/craniosacrale-therapie\/\"><img loading=\"lazy\" decoding=\"async\" width=\"982\" height=\"350\" src=\"https:\/\/www.lenaupraxis.de\/wp-content\/uploads\/2020\/05\/cranioengl-768x274.jpg\" alt=\"\" class=\"wp-image-1117\" srcset=\"\" sizes=\"(max-width: 982px) 100vw, 982px\" data-srcset=\"\" \/><\/a><\/figure>\n\n\n\n<p class=\"has-text-align-left has-white-background-color has-background has-large-font-size\">is the art of releasing even very deep tensions on a physical or emotional level in an extremely gentle way. Craniosacral therapy combines in-depth knowledge of anatomy and physiology with an intuitive approach - because your body knows best what it needs to heal. My job as a therapist is to listen attentively with my hands and support it in the process.<\/p>\n\n\n\n<p><\/p>\n\n\n\n<p><\/p>\n\n\n\n<h2 class=\"wp-block-heading\"><\/h2>\n\n\n\n<figure class=\"wp-block-image alignfull size-large\"><a href=\"https:\/\/www.lenaupraxis.de\/en\/klassische-homoopathie\/\"><img loading=\"lazy\" decoding=\"async\" width=\"997\" height=\"360\" src=\"https:\/\/www.lenaupraxis.de\/wp-content\/uploads\/2020\/05\/homeopathyengl-768x277.jpg\" alt=\"\" class=\"wp-image-1174\" srcset=\"\" sizes=\"(max-width: 997px) 100vw, 997px\" data-srcset=\"\" \/><\/a><\/figure>\n\n\n\n<p class=\"has-text-align-center has-large-font-size\">does not fight against the disease, but allows the body to find its own balance again - through a subtle, targeted impulse (the carefully selected, individually suitable homeopathic remedy).<\/p>","protected":false},"excerpt":{"rendered":"<p>ist die Kunst, auch hartn\u00e4ckige Spannungen auf k\u00f6rperlicher oder auch emotionaler Ebene zugleich tiefgehend und extrem sanft zu l\u00f6sen. Craniosacrale Therapie kombiniert fundierte Anatomie- und Physiologiekenntnisse mit einem intuitiven Ansatz&hellip; <a class=\"excerpt-more-link\" href=\"https:\/\/www.lenaupraxis.de\/en\/\">Read More<\/a><\/p>","protected":false},"author":1,"featured_media":0,"parent":0,"menu_order":1,"comment_status":"closed","ping_status":"closed","template":"page-templates\/full-width.php","meta":{"footnotes":""},"class_list":["post-1034","page","type-page","status-publish","hentry"],"_links":{"self":[{"href":"https:\/\/www.lenaupraxis.de\/en\/wp-json\/wp\/v2\/pages\/1034"}],"collection":[{"href":"https:\/\/www.lenaupraxis.de\/en\/wp-json\/wp\/v2\/pages"}],"about":[{"href":"https:\/\/www.lenaupraxis.de\/en\/wp-json\/wp\/v2\/types\/page"}],"author":[{"embeddable":true,"href":"https:\/\/www.lenaupraxis.de\/en\/wp-json\/wp\/v2\/users\/1"}],"replies":[{"embeddable":true,"href":"https:\/\/www.lenaupraxis.de\/en\/wp-json\/wp\/v2\/comments?post=1034"}],"version-history":[{"count":53,"href":"https:\/\/www.lenaupraxis.de\/en\/wp-json\/wp\/v2\/pages\/1034\/revisions"}],"predecessor-version":[{"id":2076,"href":"https:\/\/www.lenaupraxis.de\/en\/wp-json\/wp\/v2\/pages\/1034\/revisions\/2076"}],"wp:attachment":[{"href":"https:\/\/www.lenaupraxis.de\/en\/wp-json\/wp\/v2\/media?parent=1034"}],"curies":[{"name":"wp","href":"https:\/\/api.w.org\/{rel}","templated":true}]}}