{"id":102,"date":"2013-11-16T18:01:06","date_gmt":"2013-11-16T18:01:06","guid":{"rendered":"http:\/\/lenaupraxis.de\/?page_id=102"},"modified":"2020-05-17T16:56:16","modified_gmt":"2020-05-17T16:56:16","slug":"kontakt","status":"publish","type":"page","link":"https:\/\/www.lenaupraxis.de\/en\/kontakt\/","title":{"rendered":"Contact"},"content":{"rendered":"<figure class=\"wp-block-gallery alignfull columns-1 is-cropped wp-block-gallery-1 is-layout-flex wp-block-gallery-is-layout-flex\"><ul class=\"blocks-gallery-grid\"><li class=\"blocks-gallery-item\"><figure><img loading=\"lazy\" decoding=\"async\" width=\"2438\" height=\"1975\" src=\"https:\/\/www.lenaupraxis.de\/wp-content\/uploads\/2020\/05\/IMG_3503-2.jpg\" alt=\"\" data-id=\"1364\" data-full-url=\"https:\/\/www.lenaupraxis.de\/wp-content\/uploads\/2020\/05\/IMG_3503-2.jpg\" data-link=\"https:\/\/www.lenaupraxis.de\/sample-page\/kontakt\/attachment\/img_3503-2\/\" class=\"wp-image-1364\" srcset=\"https:\/\/www.lenaupraxis.de\/wp-content\/uploads\/2020\/05\/IMG_3503-2.jpg 2438w, https:\/\/www.lenaupraxis.de\/wp-content\/uploads\/2020\/05\/IMG_3503-2-300x243.jpg 300w, https:\/\/www.lenaupraxis.de\/wp-content\/uploads\/2020\/05\/IMG_3503-2-1024x830.jpg 1024w, https:\/\/www.lenaupraxis.de\/wp-content\/uploads\/2020\/05\/IMG_3503-2-768x622.jpg 768w, https:\/\/www.lenaupraxis.de\/wp-content\/uploads\/2020\/05\/IMG_3503-2-1536x1244.jpg 1536w, https:\/\/www.lenaupraxis.de\/wp-content\/uploads\/2020\/05\/IMG_3503-2-2048x1659.jpg 2048w, https:\/\/www.lenaupraxis.de\/wp-content\/uploads\/2020\/05\/IMG_3503-2-660x535.jpg 660w, https:\/\/www.lenaupraxis.de\/wp-content\/uploads\/2020\/05\/IMG_3503-2-1000x810.jpg 1000w\" sizes=\"(max-width: 2438px) 100vw, 2438px\" \/><\/figure><\/li><\/ul><\/figure>\n\n\n<p>\u00a0<\/p>\n<p><strong>Kathrin Sonderegger<\/strong> <br \/><em>Heilpraktikerin <br \/><\/em><\/p>\n<p><span style=\"font-size: medium;\">Lenaustra\u00dfe 25<\/span><br \/><span style=\"font-size: medium;\"> 12047 Berlin &#8211; Neuk\u00f6lln<em><br \/><\/em>Tel. 030.817 97 410<\/span><br \/><span style=\"font-size: medium;\"> <a href=\"mailto:info@lenaupraxis.de\">info[at]lenaupraxis.de<\/a><\/span><\/p>\n<p><span style=\"font-size: medium;\">U 8 Sch\u00f6nleinstra\u00dfe<\/span><br \/><span style=\"font-size: medium;\"> U7 \/ U 8 Hermannplatz<\/span><\/p>","protected":false},"excerpt":{"rendered":"<p>\u00a0 Kathrin Sonderegger Heilpraktikerin Lenaustra\u00dfe 25 12047 Berlin &#8211; Neuk\u00f6llnTel. 030.817 97 410 info[at]lenaupraxis.de U 8 Sch\u00f6nleinstra\u00dfe U7 \/ U 8 Hermannplatz<\/p>","protected":false},"author":1,"featured_media":0,"parent":0,"menu_order":4,"comment_status":"closed","ping_status":"closed","template":"","meta":{"footnotes":""},"class_list":["post-102","page","type-page","status-publish","hentry"],"_links":{"self":[{"href":"https:\/\/www.lenaupraxis.de\/en\/wp-json\/wp\/v2\/pages\/102"}],"collection":[{"href":"https:\/\/www.lenaupraxis.de\/en\/wp-json\/wp\/v2\/pages"}],"about":[{"href":"https:\/\/www.lenaupraxis.de\/en\/wp-json\/wp\/v2\/types\/page"}],"author":[{"embeddable":true,"href":"https:\/\/www.lenaupraxis.de\/en\/wp-json\/wp\/v2\/users\/1"}],"replies":[{"embeddable":true,"href":"https:\/\/www.lenaupraxis.de\/en\/wp-json\/wp\/v2\/comments?post=102"}],"version-history":[{"count":41,"href":"https:\/\/www.lenaupraxis.de\/en\/wp-json\/wp\/v2\/pages\/102\/revisions"}],"predecessor-version":[{"id":1369,"href":"https:\/\/www.lenaupraxis.de\/en\/wp-json\/wp\/v2\/pages\/102\/revisions\/1369"}],"wp:attachment":[{"href":"https:\/\/www.lenaupraxis.de\/en\/wp-json\/wp\/v2\/media?parent=102"}],"curies":[{"name":"wp","href":"https:\/\/api.w.org\/{rel}","templated":true}]}}